{"id":725,"date":"2019-05-28T14:50:56","date_gmt":"2019-05-28T14:50:56","guid":{"rendered":"http:\/\/www.palagroperu.com\/?page_id=725"},"modified":"2024-11-13T22:10:23","modified_gmt":"2024-11-13T22:10:23","slug":"nosotros","status":"publish","type":"page","link":"https:\/\/www.palagroperu.com\/?page_id=725","title":{"rendered":"NOSOTROS"},"content":{"rendered":"<div id=\"pl-725\"  class=\"panel-layout\" ><div id=\"pg-725-0\"  class=\"panel-grid panel-has-style\" ><div data-overlay-opactity=\"1\" class=\"panel-row-style panel-row-style-for-725-0\" ><div id=\"pgc-725-0-0\"  class=\"panel-grid-cell\" ><div id=\"panel-725-0-0-0\" class=\"so-panel widget widget_themegrill_flash_team tg-widget tg-single-team panel-first-child panel-last-child\" data-index=\"0\" ><div class=\"tg-team-widget tg-team-layout-1\">\n\t<div class=\"team-wrapper\">\n\t\t\t\t\t<div class=\"team-img\">\n\t\t\t\t\t\t\t\t<img decoding=\"async\" src=\"http:\/\/www.palagroperu.com\/wp-content\/uploads\/2020\/03\/PALAGRO-1.jpg\" alt=\"PALAGRO PER\u00da\" \/>\n\t\t\t<\/div>\n\t\t\t\t<div class=\"team-content-wrapper\">\n\t\t\t<div class=\"team-desc-wrapper\">\n\t\t\t\t<h3 class=\"team-title\">PALAGRO PER\u00da<\/h3>\n\t\t\t\t<div class=\"team-designation\">Comercializaci\u00f3n de Maquinaria Agr\u00edcola<\/div>\n\t\t\t\t<div class=\"team-content\">PALAGRO PERU, empresa peruana dedicada al rubro agr\u00edcola especializada en la Zona Norte y Costa Peruana, representamos a las marcas italianas de tractores agr\u00edcolas m\u00e1s reconocidas en el mundo: SAME \u2013 LAMBORGHINI, fabricados por la empresa SAME DEUTZ FAHR GROUP (Tecnolog\u00eda Italo-Alemana).  \n\nEn la l\u00ednea de implementos agr\u00edcolas nos presentamos con las marcas mundialmente conocidas: CAFINNI (Italia) l\u00ednea de Fumigaci\u00f3n y Pulverizaci\u00f3n, ORSI (Italia) linea de trituradoras y elevadores.\n\nTenemos el tractor e implemento especializado que necesitas con los m\u00e1s altos est\u00e1ndares de calidad en su producci\u00f3n, vi\u00e9ndose reflejado en su operaci\u00f3n, ventajas t\u00e9cnicas y versatilidad en el trabajo, con buena tracci\u00f3n y potentes para los suelos arenosos, estrecho para los ar\u00e1ndanos, compactos para cultivos especiales y para otras variantes te damos la soluci\u00f3n.<\/div>\n\t\t\t\t\t\t\t<\/div>\n\t\t<\/div>\n\t<\/div>\n<\/div>\n<\/div><\/div><\/div><\/div><div id=\"pg-725-1\"  class=\"panel-grid panel-has-style\" ><div data-overlay-opactity=\"1\" class=\"panel-row-style panel-row-style-for-725-1\" ><div id=\"pgc-725-1-0\"  class=\"panel-grid-cell\" ><div id=\"panel-725-1-0-0\" class=\"so-panel widget widget_themegrill_flash_team tg-widget tg-single-team panel-first-child panel-last-child\" data-index=\"1\" ><div class=\"tg-team-widget tg-team-layout-1\">\n\t<div class=\"team-wrapper\">\n\t\t\t\t\t<div class=\"team-img\">\n\t\t\t\t\t\t\t\t<img decoding=\"async\" src=\"http:\/\/www.palagroperu.com\/wp-content\/uploads\/2019\/05\/slider3-420x310.jpg\" alt=\"MISI\u00d3N\" \/>\n\t\t\t<\/div>\n\t\t\t\t<div class=\"team-content-wrapper\">\n\t\t\t<div class=\"team-desc-wrapper\">\n\t\t\t\t<h3 class=\"team-title\">MISI\u00d3N<\/h3>\n\t\t\t\t<div class=\"team-designation\"><\/div>\n\t\t\t\t<div class=\"team-content\">\"PALAGRO PERU, nace para atender las necesidades propias de la Agroindustria Nacional, brindando maquinaria de punta y reduciendo en lo mas m\u00ednimo los tiempos de atenci\u00f3n en PostVenta\"<\/div>\n\t\t\t\t\t\t\t<\/div>\n\t\t<\/div>\n\t<\/div>\n<\/div>\n<\/div><\/div><div id=\"pgc-725-1-1\"  class=\"panel-grid-cell\" ><div id=\"panel-725-1-1-0\" class=\"so-panel widget widget_themegrill_flash_team tg-widget tg-single-team panel-first-child panel-last-child\" data-index=\"2\" ><div class=\"tg-team-widget tg-team-layout-1\">\n\t<div class=\"team-wrapper\">\n\t\t\t\t\t<div class=\"team-img\">\n\t\t\t\t\t\t\t\t<img decoding=\"async\" src=\"http:\/\/www.palagroperu.com\/wp-content\/uploads\/2019\/05\/slider3-420x311.jpg\" alt=\"VISI\u00d3N\" \/>\n\t\t\t<\/div>\n\t\t\t\t<div class=\"team-content-wrapper\">\n\t\t\t<div class=\"team-desc-wrapper\">\n\t\t\t\t<h3 class=\"team-title\">VISI\u00d3N<\/h3>\n\t\t\t\t<div class=\"team-designation\"><\/div>\n\t\t\t\t<div class=\"team-content\">\"Ser reconocidos como la Empresa Nacional que desde un inicio siempre apost\u00f3 por la Mecanizaci\u00f3n del Agro Peruano\"<\/div>\n\t\t\t\t\t\t\t<\/div>\n\t\t<\/div>\n\t<\/div>\n<\/div>\n<\/div><\/div><div id=\"pgc-725-1-2\"  class=\"panel-grid-cell\" ><div id=\"panel-725-1-2-0\" class=\"so-panel widget widget_themegrill_flash_team tg-widget tg-single-team panel-first-child panel-last-child\" data-index=\"3\" ><div class=\"tg-team-widget tg-team-layout-1\">\n\t<div class=\"team-wrapper\">\n\t\t\t\t\t<div class=\"team-img\">\n\t\t\t\t\t\t\t\t<img decoding=\"async\" src=\"http:\/\/www.palagroperu.com\/wp-content\/uploads\/2019\/05\/slider3-420x312.jpg\" alt=\"VALORES\" \/>\n\t\t\t<\/div>\n\t\t\t\t<div class=\"team-content-wrapper\">\n\t\t\t<div class=\"team-desc-wrapper\">\n\t\t\t\t<h3 class=\"team-title\">VALORES<\/h3>\n\t\t\t\t<div class=\"team-designation\"><\/div>\n\t\t\t\t<div class=\"team-content\">\"Fuerte compromiso con productos y marcas de calidad.\nRelaciones personales basadas en la confianza y el respeto mutuo.\nAlto nivel de tolerancia frente a las ideas y opiniones de los dem\u00e1s.\nApertura frente a futuras tendencias tecnol\u00f3gicas din\u00e1micas.\"<\/div>\n\t\t\t\t\t\t\t<\/div>\n\t\t<\/div>\n\t<\/div>\n<\/div>\n<\/div><\/div><\/div><\/div><\/div>","protected":false},"excerpt":{"rendered":"<p>PALAGRO PER\u00da Comercializaci\u00f3n de Maquinaria Agr\u00edcola PALAGRO PERU, empresa peruana dedicada al rubro agr\u00edcola especializada en la Zona Norte y [&hellip;]<\/p>\n","protected":false},"author":1,"featured_media":0,"parent":0,"menu_order":2,"comment_status":"closed","ping_status":"closed","template":"","meta":{"footnotes":""},"class_list":["post-725","page","type-page","status-publish","hentry"],"_links":{"self":[{"href":"https:\/\/www.palagroperu.com\/index.php?rest_route=\/wp\/v2\/pages\/725","targetHints":{"allow":["GET"]}}],"collection":[{"href":"https:\/\/www.palagroperu.com\/index.php?rest_route=\/wp\/v2\/pages"}],"about":[{"href":"https:\/\/www.palagroperu.com\/index.php?rest_route=\/wp\/v2\/types\/page"}],"author":[{"embeddable":true,"href":"https:\/\/www.palagroperu.com\/index.php?rest_route=\/wp\/v2\/users\/1"}],"replies":[{"embeddable":true,"href":"https:\/\/www.palagroperu.com\/index.php?rest_route=%2Fwp%2Fv2%2Fcomments&post=725"}],"version-history":[{"count":43,"href":"https:\/\/www.palagroperu.com\/index.php?rest_route=\/wp\/v2\/pages\/725\/revisions"}],"predecessor-version":[{"id":1934,"href":"https:\/\/www.palagroperu.com\/index.php?rest_route=\/wp\/v2\/pages\/725\/revisions\/1934"}],"wp:attachment":[{"href":"https:\/\/www.palagroperu.com\/index.php?rest_route=%2Fwp%2Fv2%2Fmedia&parent=725"}],"curies":[{"name":"wp","href":"https:\/\/api.w.org\/{rel}","templated":true}]}}